{"id":5177,"date":"2017-08-13T19:30:20","date_gmt":"2017-08-13T17:30:20","guid":{"rendered":"https:\/\/corvendor.com\/?page_id=5177"},"modified":"2018-05-01T12:29:31","modified_gmt":"2018-05-01T10:29:31","slug":"disclaimer","status":"publish","type":"page","link":"https:\/\/corvendor.com\/de\/disclaimer\/","title":{"rendered":"Disclaimer"},"content":{"rendered":"<div id='av_section_1'  class='avia-section av-av_section-3f721f1ba374c98959c2711f4a60c6d8 main_color avia-section-large avia-no-border-styling  avia-builder-el-0  avia-builder-el-no-sibling  avia-bg-style-scroll  container_wrap fullsize'  ><div class='container av-section-cont-open' ><main  role=\"main\" itemprop=\"mainContentOfPage\"  class='template-page content  av-content-full alpha units'><div class='post-entry post-entry-type-page post-entry-5177'><div class='entry-content-wrapper clearfix'>\n\n<style type=\"text\/css\" id=\"style-css-av-av_heading-bef6b1b085a6087b63424a37b701a199\">\n#top .av-special-heading.av-av_heading-bef6b1b085a6087b63424a37b701a199{\npadding-bottom:20px;\nfont-size:40px;\n}\n<\/style>\n<div  class='av-special-heading av-av_heading-bef6b1b085a6087b63424a37b701a199 av-special-heading-h2 blockquote modern-quote  avia-builder-el-1  el_before_av_hr  avia-builder-el-first  av-inherit-size '><h2 class='av-special-heading-tag '  itemprop=\"headline\"  >Disclaimer<\/h2><div class='special-heading-border'><div class='special-heading-inner-border'><\/div><\/div><\/div>\n\n<style type=\"text\/css\" id=\"style-css-av-av_hr-ac32df267432cfaa71645a9cb28fcb35\">\n.hr.av-av_hr-ac32df267432cfaa71645a9cb28fcb35{\nmargin-top:10px;\nmargin-bottom:10px;\n}\n.hr.av-av_hr-ac32df267432cfaa71645a9cb28fcb35 .hr-inner{\nwidth:50px;\nborder-color:#bd1600;\n}\n<\/style>\n<div  class='hr av-av_hr-ac32df267432cfaa71645a9cb28fcb35 hr-custom  avia-builder-el-2  el_after_av_heading  el_before_av_one_half  hr-left hr-icon-no '><span class='hr-inner inner-border-av-border-fat'><span class=\"hr-inner-style\"><\/span><\/span><\/div>\n\n<style type=\"text\/css\" id=\"style-css-av-av_one_half-2f803b36502813cd623710c4bb2b1098\">\n#top .flex_column.av-av_one_half-2f803b36502813cd623710c4bb2b1098{\nborder-radius:0px;\n-webkit-border-radius:0px;\n-moz-border-radius:0px;\npadding:20px 0px 0px 0px;\n}\n<\/style>\n<div class='flex_column av-av_one_half-2f803b36502813cd623710c4bb2b1098 av_one_half  avia-builder-el-3  el_after_av_hr  el_before_av_one_half  first flex_column_div '   ><section class=\"av_textblock_section \"  itemscope=\"itemscope\" itemtype=\"https:\/\/schema.org\/CreativeWork\" ><div class='avia_textblock  '   itemprop=\"text\" ><h3>Haftung f\u00fcr Inhalte<\/h3>\n<p>Als Diensteanbieter sind wir gem\u00e4\u00df \u00a7 7 Abs.1 TMG f\u00fcr eigene Inhalte auf diesen Seiten nach den allgemeinen Gesetzen verantwortlich. Nach \u00a7\u00a7 8 bis 10 TMG sind wir als Diensteanbieter jedoch nicht verpflichtet, \u00fcbermittelte oder gespeicherte fremde Informationen zu \u00fcberwachen oder nach Umst\u00e4nden zu forschen, die auf eine rechtswidrige T\u00e4tigkeit hinweisen.<\/p>\n<p>Verpflichtungen zur Entfernung oder Sperrung der Nutzung von Informationen nach den allgemeinen Gesetzen bleiben hiervon unber\u00fchrt. Eine diesbez\u00fcgliche Haftung ist jedoch erst ab dem Zeitpunkt der Kenntnis einer konkreten Rechtsverletzung m\u00f6glich. Bei Bekanntwerden von entsprechenden Rechtsverletzungen werden wir diese Inhalte umgehend entfernen.<\/p>\n<\/div><\/section><\/div>\n<style type=\"text\/css\" id=\"style-css-av-av_one_half-2d153950eedc1786ae56fc07e8fd3b83\">\n#top .flex_column.av-av_one_half-2d153950eedc1786ae56fc07e8fd3b83{\nborder-radius:0px;\n-webkit-border-radius:0px;\n-moz-border-radius:0px;\npadding:20px 0px 0px 0px;\n}\n<\/style>\n<div class='flex_column av-av_one_half-2d153950eedc1786ae56fc07e8fd3b83 av_one_half  avia-builder-el-5  el_after_av_one_half  el_before_av_one_half  flex_column_div '   ><section class=\"av_textblock_section \"  itemscope=\"itemscope\" itemtype=\"https:\/\/schema.org\/CreativeWork\" ><div class='avia_textblock  '   itemprop=\"text\" ><h3>Haftung f\u00fcr Links<\/h3>\n<p>Unser Angebot enth\u00e4lt Links zu externen Webseiten Dritter, auf deren Inhalte wir keinen Einfluss haben. Deshalb k\u00f6nnen wir f\u00fcr diese fremden Inhalte auch keine Gew\u00e4hr \u00fcbernehmen. F\u00fcr die Inhalte der verlinkten Seiten ist stets der jeweilige Anbieter oder Betreiber der Seiten verantwortlich. Die verlinkten Seiten wurden zum Zeitpunkt der Verlinkung auf m\u00f6gliche Rechtsverst\u00f6\u00dfe \u00fcberpr\u00fcft. Rechtswidrige Inhalte waren zum Zeitpunkt der Verlinkung nicht erkennbar.<\/p>\n<p>Eine permanente inhaltliche Kontrolle der verlinkten Seiten ist jedoch ohne konkrete Anhaltspunkte einer Rechtsverletzung nicht zumutbar. Bei Bekanntwerden von Rechtsverletzungen werden wir derartige Links umgehend entfernen.<\/p>\n<\/div><\/section><\/div>\n<style type=\"text\/css\" id=\"style-css-av-av_one_half-6126cab7d8fab8d08143dd2dacdf673c\">\n#top .flex_column.av-av_one_half-6126cab7d8fab8d08143dd2dacdf673c{\nborder-radius:0px;\n-webkit-border-radius:0px;\n-moz-border-radius:0px;\npadding:0px;\n}\n<\/style>\n<div class='flex_column av-av_one_half-6126cab7d8fab8d08143dd2dacdf673c av_one_half  avia-builder-el-7  el_after_av_one_half  avia-builder-el-last  first flex_column_div av-zero-column-padding column-top-margin'   ><section class=\"av_textblock_section \"  itemscope=\"itemscope\" itemtype=\"https:\/\/schema.org\/CreativeWork\" ><div class='avia_textblock  '   itemprop=\"text\" ><h3>Urheberrecht<\/h3>\n<p>Die durch die Seitenbetreiber erstellten Inhalte und Werke auf diesen Seiten unterliegen dem deutschen Urheberrecht. Die Vervielf\u00e4ltigung, Bearbeitung, Verbreitung und jede Art der Verwertung au\u00dferhalb der Grenzen des Urheberrechtes bed\u00fcrfen der schriftlichen Zustimmung des jeweiligen Autors bzw. Erstellers. Downloads und Kopien dieser Seite sind nur f\u00fcr den privaten, nicht kommerziellen Gebrauch gestattet.<\/p>\n<p>Soweit die Inhalte auf dieser Seite nicht vom Betreiber erstellt wurden, werden die Urheberrechte Dritter beachtet. Insbesondere werden Inhalte Dritter als solche gekennzeichnet. Sollten Sie trotzdem auf eine Urheberrechtsverletzung aufmerksam werden, bitten wir um einen entsprechenden Hinweis. Bei Bekanntwerden von Rechtsverletzungen werden wir derartige Inhalte umgehend entfernen.<\/p>\n<\/div><\/section><\/div>\n","protected":false},"excerpt":{"rendered":"","protected":false},"author":2,"featured_media":0,"parent":0,"menu_order":95,"comment_status":"closed","ping_status":"closed","template":"","meta":{"footnotes":""},"class_list":["post-5177","page","type-page","status-publish","hentry"],"_links":{"self":[{"href":"https:\/\/corvendor.com\/de\/wp-json\/wp\/v2\/pages\/5177","targetHints":{"allow":["GET"]}}],"collection":[{"href":"https:\/\/corvendor.com\/de\/wp-json\/wp\/v2\/pages"}],"about":[{"href":"https:\/\/corvendor.com\/de\/wp-json\/wp\/v2\/types\/page"}],"author":[{"embeddable":true,"href":"https:\/\/corvendor.com\/de\/wp-json\/wp\/v2\/users\/2"}],"replies":[{"embeddable":true,"href":"https:\/\/corvendor.com\/de\/wp-json\/wp\/v2\/comments?post=5177"}],"version-history":[{"count":3,"href":"https:\/\/corvendor.com\/de\/wp-json\/wp\/v2\/pages\/5177\/revisions"}],"predecessor-version":[{"id":6648,"href":"https:\/\/corvendor.com\/de\/wp-json\/wp\/v2\/pages\/5177\/revisions\/6648"}],"wp:attachment":[{"href":"https:\/\/corvendor.com\/de\/wp-json\/wp\/v2\/media?parent=5177"}],"curies":[{"name":"wp","href":"https:\/\/api.w.org\/{rel}","templated":true}]}}