{"id":8446,"date":"2021-01-21T11:25:29","date_gmt":"2021-01-21T10:25:29","guid":{"rendered":"https:\/\/corvendor.com\/?page_id=8446"},"modified":"2021-08-31T11:47:36","modified_gmt":"2021-08-31T09:47:36","slug":"angebot-refining-smart-data","status":"publish","type":"page","link":"https:\/\/corvendor.com\/de\/angebot-refining-smart-data\/","title":{"rendered":"Angebot Refining Smart Data"},"content":{"rendered":"<h1 style=\"text-align: center;\">Sch\u00f6pfen Sie das volle Potenzial Ihrer Kundendaten aus!<\/h1>\n<p style=\"text-align: left;\"><span style=\"text-decoration: none;\"><a href=\"tel:+4934124752578\" target=\"_blank\" style=\"outline: none;\" rel=\"noopener\">+49 341-&nbsp; 24752578<\/a><\/span><\/p>\n<p><span><img decoding=\"async\" alt=\"\" data-id=\"8493\" width=\"980\" data-init-width=\"1500\" height=\"81\" data-init-height=\"124\" src=\"https:\/\/corvendor.com\/wp-content\/uploads\/Slogan-Corvendor_1-1500.png?_t=1619686763\" data-width=\"980\" data-height=\"81\" style=\"\" loading=\"lazy\"><\/span><\/p>\n<h2 style=\"text-align: center;\">Verwandeln Sie Kundendaten in Kundenwissen<\/h2>\n<p><strong>Refining Smart Data unterst\u00fctzt Unternehmen in zahlreichen datenbasierten Anwendungen. Der zugrundeliegende, zirkulierende Workflow f\u00fchrt in 9 Schritten von der konkreten Business Aufgabenstellung \u00fcber die Umsetzung bis zum finalen Modell- und Methodencheck.<\/strong><\/p>\n<p>Mit zunehmender Digitalisierung gewinnen Unternehmen immer gr\u00f6\u00dfere Datenmengen aus den unterschiedlichsten Quellen. Diese Daten m\u00fcssen zun\u00e4chst zentral zug\u00e4nglich gemacht und miteinander verkn\u00fcpft werden, damit sie im weiteren Prozess analysiert werden k\u00f6nnen.&nbsp;<\/p>\n<\/p>\n<p>Bei der Modellierung kommen&nbsp;<strong>Methoden des Machine Learning<\/strong> (manchmal auch k\u00fcnstliche Intelligenz genannt) genauso zum Einsatz wie <strong>automatisierte A\/B Tests<\/strong> in tausendfacher Ausf\u00fchrung.<\/p>\n<p>Mit Hilfe dieser Modelle werden z.B. Marketingkampagnen gesteuert. Die Ergebnisse des Modells erm\u00f6glichen die qualitative Bewertung der Modelle und <strong>steigern die Effizienz der einzelnen Kan\u00e4le, Instrumente und Aktivit\u00e4ten.<\/strong><\/p>\n<\/p>\n<p>Die neuen Erkenntnisse werden aus dem Kampagnenmodell wieder ins Data Center eingespielt. So l\u00e4sst sich der <strong>Refining Smart Data Prozess <\/strong>jederzeit erneut starten, optimiert dabei fortlaufend Ihren Datenbestand und steigert Ihre Produktivit\u00e4t.<\/p>\n<h2 style=\"text-align: center;\">Das bringt Ihnen die Zusammenarbeit mit Corvendor:<\/h2>\n<p><span><img decoding=\"async\" alt=\"\" data-id=\"7857\" src=\"https:\/\/corvendor.com\/wp-content\/uploads\/icon-mark.png?_t=1585902803\" width=\"260\" height=\"260\" loading=\"lazy\"><\/span><\/p>\n<p>Die <strong>bereinigten Daten aus internen und externen Quellen<\/strong> bilden das neue Zentrum Ihres Universums.<\/p>\n<p><span><img decoding=\"async\" alt=\"\" data-id=\"7857\" src=\"https:\/\/corvendor.com\/wp-content\/uploads\/icon-mark.png?_t=1585902803\" width=\"260\" height=\"260\" loading=\"lazy\"><\/span><\/p>\n<p style=\"\">Durch die Integration neuer Technologien identifizieren Sie <strong>die beste Kampagne f\u00fcr jeden Kunden<\/strong>.<\/p>\n<p><span><img decoding=\"async\" alt=\"\" data-id=\"7857\" src=\"https:\/\/corvendor.com\/wp-content\/uploads\/icon-mark.png?_t=1585902803\" width=\"260\" height=\"260\" loading=\"lazy\"><\/span><\/p>\n<p>Sie erhalten&nbsp;<strong>wertvolle Informationen und Prognosen<\/strong> \u00fcber das Kaufverhalten Ihrer Neu- oder Bestandskunden&nbsp;<\/p>\n<p><span><img decoding=\"async\" alt=\"\" data-id=\"7857\" src=\"https:\/\/corvendor.com\/wp-content\/uploads\/icon-mark.png?_t=1585902803\" width=\"260\" height=\"260\" loading=\"lazy\"><\/span><\/p>\n<p>Durch&nbsp;<strong>d<\/strong><strong>atenbasierte, automatisierte Prozesse<\/strong> wird die Zusammenarbeit Ihres Marketings, Ihres Vertriebs und externer Agenturen wirkungsvoll optimiert.<\/p>\n<p><span><img decoding=\"async\" alt=\"\" data-id=\"7895\" src=\"https:\/\/corvendor.com\/wp-content\/uploads\/Bild.png?_t=1585937435\" style=\"\" width=\"100\" height=\"100\" data-width=\"100\" data-height=\"100\" data-init-width=\"416\" data-init-height=\"416\" loading=\"lazy\"><\/span><span><img decoding=\"async\" alt=\"\" data-id=\"7883\" src=\"https:\/\/corvendor.com\/wp-content\/uploads\/Georg.png?_t=1585937435\" style=\"\" width=\"725\" height=\"725\" loading=\"lazy\"><\/span><\/p>\n<p style=\"text-align: left; font-size: 18px !important;\"><strong>Georg Zedlacher<\/strong><\/p>\n<p style=\"text-align: left; font-size: 18px !important;\">Chief of Staff Marketing&nbsp;EMEA<\/p>\n<p style=\"text-align: center; font-size: 18px !important;\"><strong>Georg Zedlacher<\/strong><\/p>\n<p style=\"text-align: center; font-size: 18px !important;\">Marketingleiter Dell EMC<\/p>\n<p style=\"text-align: left; font-size: 18px !important;\">Wir haben die Firma Corvendor mit dem Aufbau eines <strong>EMEA Telemarketing Systems<\/strong> beauftragt, welches einen zentralen Bestandteil unseres strategischen <strong>Lead Generation-Frameworks von Dell Technologies<\/strong> in EMEA darstellt. Heute k\u00f6nnen wir an dieser Stelle nur von <strong>hervorragenden Ergebnissen<\/strong> sprechen. Dieses System erm\u00f6glicht es uns, <strong>strukturiert Leads von IT Projekten an den Vertrieb<\/strong> weiterzuleiten. Es unterst\u00fctzt uns beider allgemeinen Projektplanung und der <strong>Steuerung von Agenturen.<\/strong> Wir k\u00f6nnen damit <strong>Segmentierungen<\/strong> vornehmen und auf dieser Basis konkrete Voraussagen \u00fcber die Anzahl der Leads und der Marketing Pipeline treffen.<\/p>\n<p style=\"text-align: left; font-size: 18px !important;\">\n<p style=\"text-align: left; font-size: 18px !important;\">Aufgrund von fehlenden eigenen Ressourcen sowie Erfahrungen in diesem speziellen Bereich wandten wir uns vertrauensvoll an Corvendor. Die Herangehensweise dieses Unternehmens ist <strong>sehr strukturiert und vor allem abteilungs\u00fcbergreifend,<\/strong> was sich besonders positiv auf unsere Ergebnisse ausgewirkt hat. Nach 6 Monaten der Zusammenarbeit erfolgte die Kalibrierung des Ist-Zustandes und nachfolgend die<strong> Implementierung der entwickelten Prozesse in die bestehende Infrastruktur. <\/strong><\/p>\n<p style=\"text-align: left; font-size: 18px !important;\">\n<p style=\"text-align: left; font-size: 18px !important;\">Die Zusammenarbeit mit <strong>Corvendor k\u00f6nnen wir sehr empfehlen<\/strong>, insbesondere im Bereich <strong>datengest\u00fctzter Entscheidungsprozesse.<\/strong><\/p>\n<h2 style=\"text-align: center;\">Der Refining Smart Data Workflow<\/h2>\n<h2 style=\"text-align: center;\"><span>In 9 Schritten zu gezielten, datengetriebenen Kampagnen<\/span><\/h2>\n<h2 style=\"text-align: center;\">Use Cases<\/h2>\n<p style=\"text-align: center;\">Sie m\u00f6chten wissen, wie wir Ihr Unternehmen konkret unterst\u00fctzen k\u00f6nnen? Erfahren Sie in unseren Praxisbeispielen, wie <strong>Refining Smart Data<\/strong> erfolgreich in Ihrem Unternehmen eingesetzt werden kann!<\/p>\n<p><span><img decoding=\"async\" alt=\"Reiner R\u00fcbel\" data-id=\"7837\" width=\"300\" data-init-width=\"573\" height=\"300\" data-init-height=\"573\" src=\"https:\/\/corvendor.com\/wp-content\/uploads\/HSL_Corvendor_DSC_4404.png?_t=1611232344\" data-width=\"300\" data-height=\"300\" style=\"\" loading=\"lazy\"><\/span><\/p>\n<h4 style=\"\">Reiner R\u00fcbel<\/h4>\n<h2 style=\"letter-spacing: 0px;\">Das Geheimnis f\u00fcr erfolgreiche Kampagnen&#8230;<\/h2>\n<p style=\"\">Mit <strong>Refining Smart Data<\/strong> k\u00f6nnen wir Ihr Tagesgesch\u00e4ft und Ihre strategische Entwicklung deutlich erleichtern.Mit dem veredelten Work-Flow Ihrer Kampagnen werden Sie <strong>hochwertigere Leads identifizieren <\/strong>und<strong>&nbsp;<\/strong>die Customer Journey Ihres gesamten Kundenuniversums nicht nur begleiten, sondern <strong>aktiv steuern! <\/strong><\/p>\n<p><span><img decoding=\"async\" alt=\"\" data-id=\"7893\" src=\"https:\/\/corvendor.com\/wp-content\/uploads\/boston.png?_t=1585937435\" style=\"\" width=\"664\" height=\"196\" loading=\"lazy\"><\/span><span><img decoding=\"async\" alt=\"\" data-id=\"7881\" src=\"https:\/\/corvendor.com\/wp-content\/uploads\/georg-klauser.png?_t=1585937435\" style=\"\" width=\"725\" height=\"725\" loading=\"lazy\"><\/span><\/p>\n<p style=\"text-align: left; font-size: 18px !important;\"><strong>Georg Klauser<\/strong><\/p>\n<p style=\"text-align: left; font-size: 18px !important;\">Managing Director&nbsp;Boston<\/p>\n<p style=\"text-align: center; font-size: 18px !important;\"><strong>Georg Klauser<\/strong><\/p>\n<p style=\"text-align: center; font-size: 18px !important;\">Managing Director&nbsp;Boston<\/p>\n<p style=\"text-align: left; font-size: 18px !important;\">Um unser Unternehmen auf dem deutschsprachigen Markt zu etablieren, haben wir Corvendor mit der Entwicklung eines entsprechenden Vertriebsplans beauftragt. Corvendor hat uns \u00e4u\u00dferst effizient beim <strong>Aufbau unseres Reporting Systems, der Steuerung des Vertriebs, sowie der Segmentierung bzw. dem Telemarketing Handel<\/strong> unterst\u00fctzt.&nbsp;<\/p>\n<p style=\"text-align: left; font-size: 18px !important;\">\n<p style=\"text-align: left; font-size: 18px !important;\">Grundlage dieser Investition im DACH-Markt war die vorhandene <strong>Kompetenz f\u00fcr Reporting, KPI-Berechnung und Modellierung<\/strong> des Mutterunternehmens in Gro\u00dfbritannien.&nbsp;<\/p>\n<p style=\"text-align: left; font-size: 18px !important;\">\n<p style=\"text-align: left; font-size: 18px !important;\">Mit umfassendem Expertenwissen im Handel und in der Vertriebssteuerung hat Corvendor einen<strong> V<\/strong><strong>ertriebsplan mit prognostizierten Deckungs- und Umsatzzahlen<\/strong> erstellt, dessen <strong>Zielvorgaben innerhalb einer Startphase von 2 Jahren erreicht<\/strong> wurden. Gerade in den ersten 6 Monaten war die Zusammenarbeit mit Corvendor sehr engmaschig. Bereits im zweiten Quartal konnte der Vertrieb auf Basis detaillierter Planung starten.&nbsp;<\/p>\n<p style=\"text-align: left; font-size: 18px !important;\">\n<p style=\"text-align: left; font-size: 18px !important;\">Durch ihre <strong>erwiesene Expertise im Bereich Onlinemarketing und Datenmanagement<\/strong> sowie die <strong>exzellente Umsetzung<\/strong> des Vertriebsplans verlief die Zusammenarbeit mit Corvendor aus unserer Sicht <strong>\u00e4u\u00dferst zufriedenstellend.<\/strong><\/p>\n<h2 style=\"text-align: center;\"><span style=\"\">Unsere Experten<\/span><\/h2>\n<p style=\"text-align: center;\">Unser Kernteam besteht aus Reiner R\u00fcbel und Dr. Prof. Stefan R\u00fcger und kann bei Bedarf mit weiteren Experten flexibel erweitert werden.<\/p>\n<p><span><img decoding=\"async\" alt=\"Reiner R\u00fcbel\" data-id=\"7837\" width=\"300\" data-init-width=\"573\" height=\"300\" data-init-height=\"573\" src=\"https:\/\/corvendor.com\/wp-content\/uploads\/HSL_Corvendor_DSC_4404.png?_t=1611232344\" data-width=\"300\" data-height=\"300\" style=\"\" loading=\"lazy\"><\/span><\/p>\n<p style=\"text-align: left;\"><strong><span style=\"color: rgb(183, 16, 37);\">Reiner R\u00fcbel<\/span><\/strong>Marketing Consultant<\/p>\n<p style=\"text-align: left;\">Gr\u00fcnder und Gesch\u00e4ftsf\u00fchrer der Corvendor GmbH<\/p>\n<p style=\"text-align: left;\"><strong>Kernkompetenzen:<\/strong> Data-based Marketingkampagnen zur Lead-Generierung und Kundengewinnung f\u00fcr Enterprise- und Mittelstandskunden.<\/p>\n<p><span><img decoding=\"async\" alt=\"Prof. Dr. Stefan R\u00fcger\" data-id=\"7839\" width=\"300\" data-init-width=\"1000\" height=\"300\" data-init-height=\"1000\" src=\"https:\/\/corvendor.com\/wp-content\/uploads\/prof-dr-stefan-rueger.jpg?_t=1611232344\" data-width=\"300\" data-height=\"300\" style=\"\" loading=\"lazy\"><\/span><\/p>\n<p style=\"\"><strong><span>Prof. Dr. Stefan R\u00fcger<\/span><\/strong><\/p>\n<p style=\"\"><span>Data Mining<\/span><\/p>\n<p style=\"text-align: left;\">Informatik-Professor an der Open University Milton Keynes<strong>Kernkompetenzen:<\/strong> Promovierter Informatiker auf dem Gebiet der<strong> neuronalen Netze. <\/strong>Er betreibt Research zu \u201eMultimedia Information Retrieval\u201c. Als Professor f\u00fcr \u201eKnowledge Media\u201c an der Open University, Milton Keynes ber\u00e4t er zu den Themen \u201eData Mining\u201c und bei Informationsmanagement-Projekten.<\/p>\n<p><span><img decoding=\"async\" alt=\"\" data-id=\"8068\" src=\"https:\/\/corvendor.com\/wp-content\/uploads\/logo-ergo-versicherung.jpg?_t=1586079558\" style=\"\" width=\"320\" height=\"91\" loading=\"lazy\"><\/span><span><img decoding=\"async\" alt=\"\" data-id=\"7889\" src=\"https:\/\/corvendor.com\/wp-content\/uploads\/Dirk.png?_t=1585937435\" style=\"\" width=\"725\" height=\"725\" loading=\"lazy\"><\/span><\/p>\n<p style=\"text-align: left; font-size: 18px !important;\"><strong>Dirk Niemann<\/strong><\/p>\n<p style=\"text-align: left; font-size: 18px !important;\">Managing Director ERGO Insurance UK Branch<\/p>\n<p style=\"text-align: center; font-size: 18px !important;\"><strong>Dirk Niemann<\/strong><\/p>\n<p style=\"text-align: center; font-size: 18px !important;\">Managing Director ERGO Insurance UK Branch<\/p>\n<p style=\"text-align: left;\">Als gro\u00dfes Versicherungs-Unternehmen erhalten wir <strong>t\u00e4glich tausende Anfragen zur Schadensbegleichung<\/strong> bzw. -\u00fcbernahme, die unsere Vertriebspartner detailliert bearbeiten m\u00fcssen. Dabei wurden insgesamt zu viele Sch\u00e4den zur \u00dcbernahme gemeldet, die durch das Raster ihrer lokalen Risikogruppe fallen. Dringend ben\u00f6tigt wurde also ein <strong>Verwaltungsinstrument, welches mit den aktuellen Daten der lokalen Risikoeinsch\u00e4tzungen f\u00fcr Sturm, Hagel, Flut, Terrorismus, Diebstahl, etc. <\/strong>arbeitet.<\/p>\n<p style=\"text-align: left;\">Die Firma Corvendor hat f\u00fcr uns ein <strong>Online-Verwaltungsportal<\/strong> aufgebaut, welches unseren Vertriebspartnern in Gro\u00dfbritannien und Irland erlaubt, auf Basis der jeweiligen Risiken in den betreffenden 2 Millionen Postleitzahlgebieten passende Versicherungspr\u00e4mien zu berechnen. Diese <strong>konkrete Risikobewertung durch das Verwaltungsportal<\/strong> hat zu einer deutlichen <strong>Steigerung unsere Marge<\/strong> gef\u00fchrt und wurde von Corvendor perfekt auf unsere Bed\u00fcrfnisse zugeschnitten.<\/p>\n<p style=\"text-align: left;\">\n<p style=\"text-align: left;\">Auch die <strong>schnelle Arbeitsweise<\/strong> der Entwickler hat uns begeistert, denn nach nur 6 Wochen konnten wir den Prototypen der Webanwendung gr\u00fcndlich testen. Die erste Testversion, die an ausgew\u00e4hlte Vertragspartner ging, war <strong>bereits nach etwa 6 Monaten einsatzbereit.<\/strong> Inzwischen erhalten unsere Datenbank und das Portal j\u00e4hrliche Funktionalit\u00e4ts- und Datensatzaktualisierungen.<strong>Wir empfehlen die Firma Corvendor<\/strong> sehr gerne weiter, da wir sowohl von der Geschwindigkeit als auch der <strong>hohen Qualit\u00e4t der geleisteten Arbeit<\/strong> voll und ganz \u00fcberzeugt sind!<\/p>\n<h2 style=\"text-align: center;\"><span style=\"font-weight: normal;\"><span>Vereinbaren Sie <\/span><\/span>Ihr pers\u00f6nliches Beratungsgespr\u00e4ch<span style=\"font-weight: normal;\"><span> \u2013<\/span><\/span><\/h2>\n<h2 style=\"text-align: center;\"><span style=\"font-weight: normal;\"><span>online via Zoom \u2013 und starten Sie schon in K\u00fcrze mit Ihrem innovativen Pilotprojekt!<\/span><\/span><\/h2>\n","protected":false},"excerpt":{"rendered":"<p>Sch\u00f6pfen Sie das volle Potenzial Ihrer Kundendaten aus! +49 341-&nbsp; 24752578 Verwandeln Sie Kundendaten in Kundenwissen Refining Smart Data unterst\u00fctzt Unternehmen in zahlreichen datenbasierten Anwendungen. Der zugrundeliegende, zirkulierende Workflow f\u00fchrt in 9 Schritten von der konkreten Business Aufgabenstellung \u00fcber die Umsetzung bis zum finalen Modell- und Methodencheck. Mit zunehmender Digitalisierung gewinnen Unternehmen immer gr\u00f6\u00dfere Datenmengen [&hellip;]<\/p>\n","protected":false},"author":11,"featured_media":0,"parent":0,"menu_order":0,"comment_status":"closed","ping_status":"closed","template":"","meta":{"footnotes":""},"class_list":["post-8446","page","type-page","status-publish","hentry"],"_links":{"self":[{"href":"https:\/\/corvendor.com\/de\/wp-json\/wp\/v2\/pages\/8446","targetHints":{"allow":["GET"]}}],"collection":[{"href":"https:\/\/corvendor.com\/de\/wp-json\/wp\/v2\/pages"}],"about":[{"href":"https:\/\/corvendor.com\/de\/wp-json\/wp\/v2\/types\/page"}],"author":[{"embeddable":true,"href":"https:\/\/corvendor.com\/de\/wp-json\/wp\/v2\/users\/11"}],"replies":[{"embeddable":true,"href":"https:\/\/corvendor.com\/de\/wp-json\/wp\/v2\/comments?post=8446"}],"version-history":[{"count":3,"href":"https:\/\/corvendor.com\/de\/wp-json\/wp\/v2\/pages\/8446\/revisions"}],"predecessor-version":[{"id":8954,"href":"https:\/\/corvendor.com\/de\/wp-json\/wp\/v2\/pages\/8446\/revisions\/8954"}],"wp:attachment":[{"href":"https:\/\/corvendor.com\/de\/wp-json\/wp\/v2\/media?parent=8446"}],"curies":[{"name":"wp","href":"https:\/\/api.w.org\/{rel}","templated":true}]}}